{"id":1654,"date":"2024-09-21T08:46:00","date_gmt":"2024-09-21T06:46:00","guid":{"rendered":"https:\/\/www.psychologue-fornillo.com\/hipnosis\/"},"modified":"2025-08-18T18:27:10","modified_gmt":"2025-08-18T16:27:10","slug":"hipnosis","status":"publish","type":"page","link":"https:\/\/www.psychologue-fornillo.com\/es\/hipnosis\/","title":{"rendered":"Hipnosis"},"content":{"rendered":"<p><div class=\"fusion-fullwidth fullwidth-box fusion-builder-row-1 fusion-flex-container has-pattern-background has-mask-background hundred-percent-fullwidth non-hundred-percent-height-scrolling fusion-no-small-visibility fusion-no-medium-visibility\" style=\"--awb-border-radius-top-left:0px;--awb-border-radius-top-right:0px;--awb-border-radius-bottom-right:0px;--awb-border-radius-bottom-left:0px;--awb-padding-right:8%;--awb-padding-bottom:25px;--awb-padding-left:8%;--awb-padding-right-medium:60px;--awb-padding-left-medium:60px;--awb-margin-top:-3%;--awb-margin-top-small:0px;--awb-background-color:#ffffff;--awb-background-image:linear-gradient(90deg, #ffffff 60%,rgba(42,157,144,0.1) 0%);--awb-flex-wrap:wrap;\" ><div class=\"fusion-builder-row fusion-row fusion-flex-align-items-flex-start fusion-flex-content-wrap\" style=\"width:104% !important;max-width:104% !important;margin-left: calc(-4% \/ 2 );margin-right: calc(-4% \/ 2 );\"><div class=\"fusion-layout-column fusion_builder_column fusion-builder-column-0 fusion_builder_column_2_5 2_5 fusion-flex-column fusion-flex-align-self-center fusion-no-small-visibility\" style=\"--awb-padding-top:60px;--awb-bg-size:cover;--awb-width-large:40%;--awb-margin-top-large:0px;--awb-spacing-right-large:0%;--awb-margin-bottom-large:0px;--awb-spacing-left-large:4.8%;--awb-width-medium:40%;--awb-order-medium:0;--awb-spacing-right-medium:0%;--awb-spacing-left-medium:4.8%;--awb-width-small:100%;--awb-order-small:0;--awb-spacing-right-small:1.92%;--awb-spacing-left-small:1.92%;\"><div class=\"fusion-column-wrapper fusion-column-has-shadow fusion-flex-justify-content-center fusion-content-layout-column\"><div class=\"fusion-text fusion-text-1 fusion-animated fusion-text-no-margin\" style=\"--awb-content-alignment:left;--awb-font-size:18px;--awb-line-height:1.6;--awb-letter-spacing:0px;--awb-text-transform:var(--awb-typography4-text-transform);--awb-text-color:#3b6c80;--awb-margin-bottom:3%;--awb-text-font-family:&quot;Montserrat&quot;;--awb-text-font-style:normal;--awb-text-font-weight:400;\" data-animationType=\"fadeInLeft\" data-animationDuration=\"1.2\" data-animationOffset=\"top-into-view\"><p><strong>\u00bfQu<\/strong><strong>\u00e9 es l<\/strong><strong><strong>a hipnosis terap\u00e9utica?<\/strong><\/strong><\/p>\n<p>La hipnosis es una disciplina que favorece la modificaci\u00f3n del \u201cestado de conciencia. En este estado la atenci\u00f3n de la persona se orienta y se enfoca hacia su mundo interior. Se trata de un estado natural que puede surgir espont\u00e1neamente durante el d\u00eda y que permite recuperar\u201d energ\u00eda, reelaborar experiencias vividas, entrar en contacto con las propias fantas\u00edas, deseos y el propio potencial.<\/p>\n<p>La hipnoterapia permite un estado de modificaci\u00f3n de la conciencia donde la persona oye y recuerda todo lo que pasa durante la sesi\u00f3n.<\/p>\n<p><strong>Las Aplicaciones de l<\/strong><strong>a<\/strong><strong> Hipnosis Terap\u00e9utica<\/strong><\/p>\n<p>La hipnosis permite actuar sobre los recursos del individuo que no son accesibles a la conciencia, hablar al inconsciente para movilizar las capacidades profundas y los recursos de la persona.<\/p>\n<p>Si la persona es receptiva, la hipnosis permite:<\/p>\n<ul>\n<li><strong>Reducir el estr\u00e9s<\/strong>: trabajando sobre los miedos inconscientes, la hipnosis ayuda a calmar el estr\u00e9s y a recuperar un estado de calma<\/li>\n<li><strong>Aliviar los dolores cr\u00f3nicos<\/strong>: la hipnosis ayuda a disminuir los dolores. Es reconocida por su eficacia en la gesti\u00f3n del dolor (migra\u00f1as, dolores cr\u00f3nicos)<\/li>\n<li><strong>Mejorar el sue\u00f1o<\/strong>: favorece una relajaci\u00f3n profunda \u00fatil y necesaria para un sue\u00f1o reparador<\/li>\n<li><strong>Aumentar la confianza en uno mismo y la motivaci\u00f3n<\/strong>: la hipnosis refuerza los recursos internos y ayuda a liberarse de los bloqueos emocionales<\/li>\n<li><strong>Mej<\/strong><strong>ora <\/strong><strong>el rendimiento escolar o deportivo<\/strong>: la persona puede reforzar las competencias y capacidades f\u00edsicas o intelectuales ya existentes<\/li>\n<li><strong>Facilita <\/strong>el reequilibrio psicoemocional<\/li>\n<li><strong>Favorece <\/strong>un estado de bienestar f\u00edsico y psicol\u00f3gico<\/li>\n<\/ul>\n<\/div><\/div><\/div><div class=\"fusion-layout-column fusion_builder_column fusion-builder-column-1 fusion_builder_column_3_5 3_5 fusion-flex-column fusion-flex-align-self-center\" style=\"--awb-padding-left:123px;--awb-bg-size:cover;--awb-transform:translateY(0px);--awb-transform-hover:translateY(-10px);--awb-width-large:60%;--awb-margin-top-large:0px;--awb-spacing-right-large:3.2%;--awb-margin-bottom-large:0px;--awb-spacing-left-large:2.08%;--awb-width-medium:60%;--awb-order-medium:0;--awb-spacing-right-medium:3.2%;--awb-spacing-left-medium:2.08%;--awb-width-small:100%;--awb-order-small:0;--awb-spacing-right-small:1.92%;--awb-spacing-left-small:1.92%;\"><div class=\"fusion-column-wrapper fusion-column-has-shadow fusion-flex-justify-content-center fusion-content-layout-column\"><div class=\"fusion-image-element \" style=\"--awb-aspect-ratio:1 \/ 1;--awb-object-position:48% 48%;--awb-max-width:500px;--awb-caption-title-font-family:var(--h2_typography-font-family);--awb-caption-title-font-weight:var(--h2_typography-font-weight);--awb-caption-title-font-style:var(--h2_typography-font-style);--awb-caption-title-size:var(--h2_typography-font-size);--awb-caption-title-transform:var(--h2_typography-text-transform);--awb-caption-title-line-height:var(--h2_typography-line-height);--awb-caption-title-letter-spacing:var(--h2_typography-letter-spacing);\"><div style=\"display:inline-block;width:500px;\"><span class=\" fusion-imageframe imageframe-none imageframe-1 hover-type-none has-aspect-ratio\"><img decoding=\"async\" width=\"1024\" height=\"1024\" title=\"E040652E-B072-4FDB-AF7D-E4C2FB1DCD6C\" src=\"https:\/\/www.psychologue-fornillo.com\/wp-content\/uploads\/2025\/02\/E040652E-B072-4FDB-AF7D-E4C2FB1DCD6C.png\" class=\"img-responsive wp-image-1569 img-with-aspect-ratio\" data-parent-fit=\"cover\" data-parent-container=\".fusion-image-element\" alt srcset=\"https:\/\/www.psychologue-fornillo.com\/wp-content\/uploads\/2025\/02\/E040652E-B072-4FDB-AF7D-E4C2FB1DCD6C-200x200.png 200w, https:\/\/www.psychologue-fornillo.com\/wp-content\/uploads\/2025\/02\/E040652E-B072-4FDB-AF7D-E4C2FB1DCD6C-400x400.png 400w, https:\/\/www.psychologue-fornillo.com\/wp-content\/uploads\/2025\/02\/E040652E-B072-4FDB-AF7D-E4C2FB1DCD6C-600x600.png 600w, https:\/\/www.psychologue-fornillo.com\/wp-content\/uploads\/2025\/02\/E040652E-B072-4FDB-AF7D-E4C2FB1DCD6C-800x800.png 800w, https:\/\/www.psychologue-fornillo.com\/wp-content\/uploads\/2025\/02\/E040652E-B072-4FDB-AF7D-E4C2FB1DCD6C.png 1024w\" sizes=\"(max-width: 640px) 100vw, 600px\" \/><\/span><\/div><\/div><\/div><\/div><\/div><\/div><div class=\"fusion-fullwidth fullwidth-box fusion-builder-row-2 fusion-flex-container has-pattern-background has-mask-background hundred-percent-fullwidth non-hundred-percent-height-scrolling fusion-no-large-visibility\" style=\"--awb-border-radius-top-left:0px;--awb-border-radius-top-right:0px;--awb-border-radius-bottom-right:0px;--awb-border-radius-bottom-left:0px;--awb-padding-right:8%;--awb-padding-bottom:25px;--awb-padding-left:8%;--awb-padding-right-medium:60px;--awb-padding-left-medium:60px;--awb-padding-right-small:25px;--awb-padding-left-small:25px;--awb-margin-top:-3%;--awb-margin-top-small:0px;--awb-background-color:#ffffff;--awb-background-image:linear-gradient(90deg, #ffffff 60%,var(--awb-color1) 0%);--awb-flex-wrap:wrap;\" ><div class=\"fusion-builder-row fusion-row fusion-flex-align-items-flex-start fusion-flex-content-wrap\" style=\"width:104% !important;max-width:104% !important;margin-left: calc(-4% \/ 2 );margin-right: calc(-4% \/ 2 );\"><div class=\"fusion-layout-column fusion_builder_column fusion-builder-column-2 fusion_builder_column_1_1 1_1 fusion-flex-column fusion-flex-align-self-center\" style=\"--awb-bg-size:cover;--awb-transform:translateY(0px);--awb-transform-hover:translateY(-10px);--awb-width-large:100%;--awb-margin-top-large:0px;--awb-spacing-right-large:1.92%;--awb-margin-bottom-large:0px;--awb-spacing-left-large:1.248%;--awb-width-medium:100%;--awb-order-medium:0;--awb-spacing-right-medium:1.92%;--awb-spacing-left-medium:1.248%;--awb-width-small:100%;--awb-order-small:0;--awb-spacing-right-small:1.92%;--awb-margin-bottom-small:3%;--awb-spacing-left-small:1.92%;\"><div class=\"fusion-column-wrapper fusion-column-has-shadow fusion-flex-justify-content-center fusion-content-layout-row fusion-flex-align-items-center\"><div class=\"fusion-image-element \" style=\"--awb-aspect-ratio:1 \/ 1;--awb-max-width:400px;--awb-caption-title-font-family:var(--h2_typography-font-family);--awb-caption-title-font-weight:var(--h2_typography-font-weight);--awb-caption-title-font-style:var(--h2_typography-font-style);--awb-caption-title-size:var(--h2_typography-font-size);--awb-caption-title-transform:var(--h2_typography-text-transform);--awb-caption-title-line-height:var(--h2_typography-line-height);--awb-caption-title-letter-spacing:var(--h2_typography-letter-spacing);\"><div style=\"display:inline-block;width:400px;\"><span class=\" fusion-imageframe imageframe-none imageframe-2 hover-type-none has-aspect-ratio\"><img decoding=\"async\" width=\"1024\" height=\"1024\" title=\"E040652E-B072-4FDB-AF7D-E4C2FB1DCD6C\" src=\"https:\/\/www.psychologue-fornillo.com\/wp-content\/uploads\/2025\/02\/E040652E-B072-4FDB-AF7D-E4C2FB1DCD6C.png\" class=\"img-responsive wp-image-1569 img-with-aspect-ratio\" data-parent-fit=\"cover\" data-parent-container=\".fusion-image-element\" alt srcset=\"https:\/\/www.psychologue-fornillo.com\/wp-content\/uploads\/2025\/02\/E040652E-B072-4FDB-AF7D-E4C2FB1DCD6C-200x200.png 200w, https:\/\/www.psychologue-fornillo.com\/wp-content\/uploads\/2025\/02\/E040652E-B072-4FDB-AF7D-E4C2FB1DCD6C-400x400.png 400w, https:\/\/www.psychologue-fornillo.com\/wp-content\/uploads\/2025\/02\/E040652E-B072-4FDB-AF7D-E4C2FB1DCD6C-600x600.png 600w, https:\/\/www.psychologue-fornillo.com\/wp-content\/uploads\/2025\/02\/E040652E-B072-4FDB-AF7D-E4C2FB1DCD6C-800x800.png 800w, https:\/\/www.psychologue-fornillo.com\/wp-content\/uploads\/2025\/02\/E040652E-B072-4FDB-AF7D-E4C2FB1DCD6C.png 1024w\" sizes=\"(max-width: 640px) 100vw, 1024px\" \/><\/span><\/div><\/div><\/div><\/div><div class=\"fusion-layout-column fusion_builder_column fusion-builder-column-3 fusion_builder_column_1_1 1_1 fusion-flex-column fusion-flex-align-self-center\" style=\"--awb-padding-top:60px;--awb-padding-top-small:0px;--awb-bg-size:cover;--awb-width-large:100%;--awb-margin-top-large:0px;--awb-spacing-right-large:0%;--awb-margin-bottom-large:0px;--awb-spacing-left-large:1.92%;--awb-width-medium:100%;--awb-order-medium:0;--awb-spacing-right-medium:0%;--awb-spacing-left-medium:1.92%;--awb-width-small:100%;--awb-order-small:0;--awb-spacing-right-small:1.92%;--awb-spacing-left-small:1.92%;\" data-scroll-devices=\"small-visibility,medium-visibility,large-visibility\"><div class=\"fusion-column-wrapper fusion-column-has-shadow fusion-flex-justify-content-center fusion-content-layout-column\"><div class=\"fusion-text fusion-text-2 fusion-animated fusion-text-no-margin\" style=\"--awb-content-alignment:left;--awb-font-size:18px;--awb-line-height:1.6;--awb-letter-spacing:0px;--awb-text-transform:var(--awb-typography4-text-transform);--awb-text-color:#3b6c80;--awb-margin-bottom:3%;--awb-text-font-family:&quot;Montserrat&quot;;--awb-text-font-style:normal;--awb-text-font-weight:400;\" data-animationType=\"fadeInLeft\" data-animationDuration=\"1.2\" data-animationOffset=\"top-into-view\"><p><strong>\u00bfQu<\/strong><strong>\u00e9 es l<\/strong><strong><strong>a hipnosis terap\u00e9utica?<\/strong><\/strong><\/p>\n<p>La hipnosis es una disciplina que favorece la modificaci\u00f3n del \u201cestado de conciencia. En este estado la atenci\u00f3n de la persona se orienta y se enfoca hacia su mundo interior. Se trata de un estado natural que puede surgir espont\u00e1neamente durante el d\u00eda y que permite recuperar\u201d energ\u00eda, reelaborar experiencias vividas, entrar en contacto con las propias fantas\u00edas, deseos y el propio potencial.<\/p>\n<p>La hipnoterapia permite un estado de modificaci\u00f3n de la conciencia donde la persona oye y recuerda todo lo que pasa durante la sesi\u00f3n.<\/p>\n<p><strong>Las Aplicaciones de l<\/strong><strong>a<\/strong><strong> Hipnosis Terap\u00e9utica<\/strong><\/p>\n<p>La hipnosis permite actuar sobre los recursos del individuo que no son accesibles a la conciencia, hablar al inconsciente para movilizar las capacidades profundas y los recursos de la persona.<\/p>\n<p>Si la persona es receptiva, la hipnosis permite:<\/p>\n<ul>\n<li><strong>Reducir el estr\u00e9s<\/strong>: trabajando sobre los miedos inconscientes, la hipnosis ayuda a calmar el estr\u00e9s y a recuperar un estado de calma.<\/li>\n<li><strong>Aliviar los dolores cr\u00f3nicos<\/strong>: la hipnosis ayuda a disminuir los dolores. Es reconocida por su eficacia en la gesti\u00f3n del dolor (migra\u00f1as, dolores cr\u00f3nicos).<\/li>\n<li><strong>Mejorar el sue\u00f1o<\/strong>: favorece una relajaci\u00f3n profunda \u00fatil y necesaria para un sue\u00f1o reparador.<\/li>\n<li><strong>Aumentar la confianza en uno mismo y la motivaci\u00f3n<\/strong>: la hipnosis refuerza los recursos internos y ayuda a liberarse de los bloqueos emocionales.<\/li>\n<li><strong>Mej<\/strong><strong>ora <\/strong><strong>el rendimiento escolar o deportivo<\/strong>: la persona puede reforzar las competencias y capacidades f\u00edsicas o intelectuales ya existentes<\/li>\n<li><strong>Facilita <\/strong>el reequilibrio psicoemocional<\/li>\n<li><strong>Favorece <\/strong>un estado de bienestar f\u00edsico y psicol\u00f3gico<\/li>\n<\/ul>\n<\/div><\/div><\/div><\/div><\/div><div class=\"fusion-fullwidth fullwidth-box fusion-builder-row-3 fusion-flex-container has-pattern-background has-mask-background nonhundred-percent-fullwidth non-hundred-percent-height-scrolling\" style=\"--awb-border-radius-top-left:0px;--awb-border-radius-top-right:0px;--awb-border-radius-bottom-right:0px;--awb-border-radius-bottom-left:0px;--awb-flex-wrap:wrap;\" ><div class=\"fusion-builder-row fusion-row fusion-flex-align-items-flex-start fusion-flex-content-wrap\" style=\"max-width:1248px;margin-left: calc(-4% \/ 2 );margin-right: calc(-4% \/ 2 );\"><div class=\"fusion-layout-column fusion_builder_column fusion-builder-column-4 fusion_builder_column_1_1 1_1 fusion-flex-column\" style=\"--awb-bg-size:cover;--awb-width-large:100%;--awb-margin-top-large:0px;--awb-spacing-right-large:1.92%;--awb-margin-bottom-large:20px;--awb-spacing-left-large:1.92%;--awb-width-medium:100%;--awb-order-medium:0;--awb-spacing-right-medium:1.92%;--awb-spacing-left-medium:1.92%;--awb-width-small:100%;--awb-order-small:0;--awb-margin-top-small:-80px;--awb-spacing-right-small:1.92%;--awb-margin-bottom-small:-80px;--awb-spacing-left-small:1.92%;\"><div class=\"fusion-column-wrapper fusion-column-has-shadow fusion-flex-justify-content-flex-start fusion-content-layout-column\"><div class=\"fusion-text fusion-text-3\">\n<script>\n  if (typeof hasAmeliaEntitiesApiCall === 'undefined' && ('' === '' && '' !== '1')) {\n    var hasAmeliaEntitiesApiCall = true;\n  }\n  var ameliaShortcodeData = (typeof ameliaShortcodeData === 'undefined') ? [] : ameliaShortcodeData;\n  ameliaShortcodeData.push(\n    {\n      'hasApiCall': (typeof hasAmeliaEntitiesApiCall !== 'undefined') && hasAmeliaEntitiesApiCall,\n      'trigger': '',\n      'trigger_type': '',\n      'triggered_form': 'sbsNew',\n      'in_dialog': '',\n      'show': '',\n      'counter': '1000',\n      'category': '',\n      'service': '',\n      'employee': '',\n      'location': '',\n      'package': '',\n      'layout': '',\n    }\n  );\n\n  var ameliaShortcodeDataTriggered = (typeof ameliaShortcodeDataTriggered === 'undefined') ? [] : ameliaShortcodeDataTriggered;\n  if (ameliaShortcodeData[ameliaShortcodeData.length - 1].trigger !== '') {\n    if (ameliaShortcodeDataTriggered.filter(a => a.counter === ameliaShortcodeData[ameliaShortcodeData.length - 1].counter).length === 0) {\n      ameliaShortcodeDataTriggered.push(ameliaShortcodeData.pop());\n    } else {\n      ameliaShortcodeData.pop()\n    }\n  }\n  if (typeof hasAmeliaEntitiesApiCall !== 'undefined' && hasAmeliaEntitiesApiCall) {\n    hasAmeliaEntitiesApiCall = false;\n  }\n<\/script>\n\n<div\n  id=\"amelia-v2-booking-1000\"\n  class=\"amelia-v2-booking\"\n >\n    <step-form-wrapper><\/step-form-wrapper><\/div>\n\n<\/div><\/div><\/div><\/div><\/div><\/p>\n","protected":false},"excerpt":{"rendered":"","protected":false},"author":1,"featured_media":0,"parent":0,"menu_order":0,"comment_status":"closed","ping_status":"closed","template":"100-width.php","meta":{"footnotes":""},"class_list":["post-1654","page","type-page","status-publish","hentry"],"_links":{"self":[{"href":"https:\/\/www.psychologue-fornillo.com\/es\/wp-json\/wp\/v2\/pages\/1654","targetHints":{"allow":["GET"]}}],"collection":[{"href":"https:\/\/www.psychologue-fornillo.com\/es\/wp-json\/wp\/v2\/pages"}],"about":[{"href":"https:\/\/www.psychologue-fornillo.com\/es\/wp-json\/wp\/v2\/types\/page"}],"author":[{"embeddable":true,"href":"https:\/\/www.psychologue-fornillo.com\/es\/wp-json\/wp\/v2\/users\/1"}],"replies":[{"embeddable":true,"href":"https:\/\/www.psychologue-fornillo.com\/es\/wp-json\/wp\/v2\/comments?post=1654"}],"version-history":[{"count":4,"href":"https:\/\/www.psychologue-fornillo.com\/es\/wp-json\/wp\/v2\/pages\/1654\/revisions"}],"predecessor-version":[{"id":2126,"href":"https:\/\/www.psychologue-fornillo.com\/es\/wp-json\/wp\/v2\/pages\/1654\/revisions\/2126"}],"wp:attachment":[{"href":"https:\/\/www.psychologue-fornillo.com\/es\/wp-json\/wp\/v2\/media?parent=1654"}],"curies":[{"name":"wp","href":"https:\/\/api.w.org\/{rel}","templated":true}]}}