{"id":1647,"date":"2024-09-21T08:46:00","date_gmt":"2024-09-21T06:46:00","guid":{"rendered":"https:\/\/www.psychologue-fornillo.com\/terapia-emdr\/"},"modified":"2025-09-10T15:24:18","modified_gmt":"2025-09-10T13:24:18","slug":"terapia-emdr","status":"publish","type":"page","link":"https:\/\/www.psychologue-fornillo.com\/es\/terapia-emdr\/","title":{"rendered":"Terapia EMDR"},"content":{"rendered":"<p><div class=\"fusion-fullwidth fullwidth-box fusion-builder-row-1 fusion-flex-container has-pattern-background has-mask-background hundred-percent-fullwidth non-hundred-percent-height-scrolling fusion-no-large-visibility\" style=\"--awb-border-radius-top-left:0px;--awb-border-radius-top-right:0px;--awb-border-radius-bottom-right:0px;--awb-border-radius-bottom-left:0px;--awb-padding-right:8%;--awb-padding-bottom:25px;--awb-padding-left:8%;--awb-padding-right-medium:60px;--awb-padding-left-medium:60px;--awb-padding-right-small:25px;--awb-padding-left-small:25px;--awb-margin-top:-3%;--awb-margin-top-small:0px;--awb-background-color:#ffffff;--awb-background-image:linear-gradient(90deg, #ffffff 60%,var(--awb-color1) 0%);--awb-flex-wrap:wrap;\" ><div class=\"fusion-builder-row fusion-row fusion-flex-align-items-flex-start fusion-flex-content-wrap\" style=\"width:104% !important;max-width:104% !important;margin-left: calc(-4% \/ 2 );margin-right: calc(-4% \/ 2 );\"><div class=\"fusion-layout-column fusion_builder_column fusion-builder-column-0 fusion_builder_column_1_1 1_1 fusion-flex-column fusion-flex-align-self-center\" style=\"--awb-bg-size:cover;--awb-transform:translateY(0px);--awb-transform-hover:translateY(-10px);--awb-width-large:100%;--awb-margin-top-large:0px;--awb-spacing-right-large:1.92%;--awb-margin-bottom-large:0px;--awb-spacing-left-large:0%;--awb-width-medium:100%;--awb-order-medium:0;--awb-spacing-right-medium:1.92%;--awb-spacing-left-medium:0%;--awb-width-small:100%;--awb-order-small:0;--awb-spacing-right-small:1.92%;--awb-spacing-left-small:0%;\" data-scroll-devices=\"small-visibility,medium-visibility,large-visibility\"><div class=\"fusion-column-wrapper fusion-column-has-shadow fusion-flex-justify-content-center fusion-content-layout-row fusion-flex-align-items-center\"><div class=\"fusion-image-element \" style=\"text-align:center;--awb-aspect-ratio:1 \/ 1;--awb-margin-top:5%;--awb-margin-right:5%;--awb-margin-bottom:5%;--awb-margin-left:5%;--awb-max-width:400px;--awb-caption-title-font-family:var(--h2_typography-font-family);--awb-caption-title-font-weight:var(--h2_typography-font-weight);--awb-caption-title-font-style:var(--h2_typography-font-style);--awb-caption-title-size:var(--h2_typography-font-size);--awb-caption-title-transform:var(--h2_typography-text-transform);--awb-caption-title-line-height:var(--h2_typography-line-height);--awb-caption-title-letter-spacing:var(--h2_typography-letter-spacing);\"><div style=\"display:inline-block;width:400px;\"><span class=\" fusion-imageframe imageframe-none imageframe-1 hover-type-none has-aspect-ratio\"><img decoding=\"async\" width=\"1280\" height=\"916\" title=\"EMDR\" src=\"https:\/\/www.psychologue-fornillo.com\/wp-content\/uploads\/2024\/10\/EMDR-.png\" class=\"img-responsive wp-image-1565 img-with-aspect-ratio\" data-parent-fit=\"cover\" data-parent-container=\".fusion-image-element\" alt srcset=\"https:\/\/www.psychologue-fornillo.com\/wp-content\/uploads\/2024\/10\/EMDR--200x143.png 200w, https:\/\/www.psychologue-fornillo.com\/wp-content\/uploads\/2024\/10\/EMDR--400x286.png 400w, https:\/\/www.psychologue-fornillo.com\/wp-content\/uploads\/2024\/10\/EMDR--600x429.png 600w, https:\/\/www.psychologue-fornillo.com\/wp-content\/uploads\/2024\/10\/EMDR--800x573.png 800w, https:\/\/www.psychologue-fornillo.com\/wp-content\/uploads\/2024\/10\/EMDR--1200x859.png 1200w, https:\/\/www.psychologue-fornillo.com\/wp-content\/uploads\/2024\/10\/EMDR-.png 1280w\" sizes=\"(max-width: 640px) 100vw, 1200px\" \/><\/span><\/div><\/div><\/div><\/div><div class=\"fusion-layout-column fusion_builder_column fusion-builder-column-1 fusion_builder_column_1_1 1_1 fusion-flex-column fusion-flex-align-self-center\" style=\"--awb-padding-top:60px;--awb-padding-top-small:0px;--awb-bg-size:cover;--awb-width-large:100%;--awb-margin-top-large:0px;--awb-spacing-right-large:0%;--awb-margin-bottom-large:0px;--awb-spacing-left-large:1.92%;--awb-width-medium:100%;--awb-order-medium:0;--awb-spacing-right-medium:0%;--awb-spacing-left-medium:1.92%;--awb-width-small:100%;--awb-order-small:0;--awb-spacing-right-small:1.92%;--awb-spacing-left-small:1.92%;\" data-scroll-devices=\"small-visibility,medium-visibility,large-visibility\"><div class=\"fusion-column-wrapper fusion-column-has-shadow fusion-flex-justify-content-center fusion-content-layout-column\"><div class=\"fusion-text fusion-text-1 fusion-animated fusion-text-no-margin\" style=\"--awb-content-alignment:left;--awb-font-size:18px;--awb-line-height:1.6;--awb-letter-spacing:0px;--awb-text-transform:var(--awb-typography4-text-transform);--awb-text-color:#3b6c80;--awb-margin-bottom:3%;--awb-text-font-family:&quot;Montserrat&quot;;--awb-text-font-style:normal;--awb-text-font-weight:400;\" data-animationType=\"fadeInLeft\" data-animationDuration=\"1.2\" data-animationOffset=\"top-into-view\"><p><strong>\u00bfQu<\/strong><strong>\u00e9 es l<\/strong><strong><strong>a EMDR?<\/strong><\/strong><\/p>\n<p>La terapia EMDR (<strong>Desensibilizaci\u00f3n y Reprocesamiento por Movimientos Oculares<\/strong>) es <strong>un enfoque<\/strong> <strong>terap\u00e9utico reconocido y eficaz<\/strong> para tratar los <strong>traumas psicol\u00f3gicos<\/strong>, los <strong>trastornos de estr\u00e9s postraum\u00e1tico<\/strong> (TEPT), as\u00ed como diversas <strong>dificultades emocionales<\/strong>.<\/p>\n<p>La terapia EMDR tiene como objetivo reprocesar experiencias pasadas no asimiladas por el cerebro, a menudo como resultado de traumas, para desensibilizar y reducir los s\u00edntomas que se derivan de ellas. Ya sea que el evento traum\u00e1tico sea antiguo o reciente, la terapia EMDR <strong>ayuda a asimilar y calmar los recuerdos dolorosos<\/strong>, ya est\u00e9n relacionados con <strong>abusos, violencia, accidentes, duelos, enfermedades u otras experiencias perturbadoras<\/strong>. Efectivamente, los recuerdos no procesados pueden permanecer \u201cbloqueados\u201d en el cerebro, creando s\u00edntomas como ansiedad, reacciones emocionales intensas, pesadillas o flashbacks. La terapia EMDR permite al cerebro <strong>reprocesar estos recuerdos activando su mecanismo natural de curaci\u00f3n.<\/strong><\/p>\n<p><strong>\u00bfPara qu\u00e9 tipos de trastornos s<\/strong><strong>e<\/strong><strong> recomienda l<\/strong><strong>a EMDR?<\/strong><\/p>\n<ul>\n<li><strong>Traumas y<\/strong> <strong>Trastornos de estr\u00e9s postraum\u00e1tico (T<\/strong><strong>EPT<\/strong><strong>) <\/strong>: la EMDR es particularmente eficaz para las personas que han vivido traumas, ya sean \u00fanicos (accidente, agresi\u00f3n, traici\u00f3n, separaci\u00f3n, enfermedad, etc.) o repetidos (violencia: f\u00edsica, psicol\u00f3gica, verbal, sexual\/abuso\/maltrato).<\/li>\n<li><strong>Ansiedad y fobias<\/strong>: esta terapia ayuda a reducir los miedos irracionales y a calmar las reacciones ansiosas descontroladas.<\/li>\n<li><strong>Duelo y p\u00e9rdidas<\/strong>: la EMDR permite vivir mejor los procesos de duelo e integrar el dolor relacionado con la p\u00e9rdida.<\/li>\n<li><strong>Depresi\u00f3n<\/strong>: al reprocesar experiencias dolorosas pasadas, la EMDR puede contribuir a aliviar los s\u00edntomas depresivos.<\/li>\n<li><strong>Confianza en uno mismo<\/strong>: ciertas dificultades de la vida o experiencias negativas afectan la autoestima; la EMDR ayuda a liberarse de las creencias limitantes.<\/li>\n<\/ul>\n<p><strong>\u00bfC\u00f3mo funciona l<\/strong><strong>a<\/strong><strong> EMDR?<\/strong><\/p>\n<p>La EMDR se basa en un <strong>mecanismo neuroemocional activado por movimientos oculares guiados<\/strong>. <strong>Al revisitar los recuerdos traum\u00e1ticos<\/strong> mientras se estimulan movimientos espec\u00edficos de los ojos, se hace posible \u201cdesensibilizar\u201d la carga emocional asociada y archivar estos eventos de manera tranquila. Esto permite <strong>liberar a la persona de los s\u00edntomas invalidantes, a menudo presentes durante muchos a\u00f1os<\/strong>.<\/p>\n<p><strong>La terapia EMDR: un m\u00e9todo cient\u00edficamente validado<\/strong><\/p>\n<p>La terapia EMDR cuenta con <strong>numerosas validaciones cient\u00edficas internacionales<\/strong>. Es recomendada para el tratamiento del trastorno de estr\u00e9s postraum\u00e1tico por organismos de referencia como l \u201c<strong>a Organizaci\u00f3n Mundial de la Salud <\/strong><strong>(OMS) <\/strong>en 2013, l\u201d<strong>a INSERM (Instituto Nacional de la Salud y de la Investigaci\u00f3n M\u00e9<\/strong><strong>dica)<\/strong> en 2004 y 2015, as\u00ed como por la <strong>Alta Autorid<\/strong><strong>a<\/strong><strong>d de Salu<\/strong><strong>d<\/strong> en 2007. Este reconocimiento testimonia su eficacia para ayudar a las personas a superar sus heridas psicol\u00f3gicas.<\/p>\n<p><strong>Los beneficios de la terapia EMDR<\/strong><\/p>\n<p>Los beneficios de este enfoque son duraderos, ofreciendo una mejora significativa de la calidad de vida de las personas que se benefician de \u00e9l. Ya sea que busque paz interior o desee pasar p\u00e1gina de una experiencia dolorosa, la EMDR puede ayudarle a recuperar el bienestar a trav\u00e9s de:<\/p>\n<ul>\n<li><strong>La disminuci\u00f3n de la carga emocional relacionada con el recuerdo traum\u00e1tico <\/strong><\/li>\n<li><strong>La liberaci\u00f3n del pensamiento intrusivo, recurrente e invasivo del evento perturbador en la vida cotidiana de la persona<\/strong><\/li>\n<li><strong>El aumento de la capacidad de resistencia<\/strong><\/li>\n<li><strong>El incremento de los recursos internos que favorecen la autoestima<\/strong><\/li>\n<\/ul>\n<\/div><\/div><\/div><\/div><\/div><div class=\"fusion-fullwidth fullwidth-box fusion-builder-row-2 fusion-flex-container has-pattern-background has-mask-background hundred-percent-fullwidth non-hundred-percent-height-scrolling fusion-no-small-visibility fusion-no-medium-visibility\" style=\"--awb-border-radius-top-left:0px;--awb-border-radius-top-right:0px;--awb-border-radius-bottom-right:0px;--awb-border-radius-bottom-left:0px;--awb-padding-right:8%;--awb-padding-bottom:25px;--awb-padding-left:8%;--awb-padding-right-medium:60px;--awb-padding-left-medium:60px;--awb-margin-top:-3%;--awb-margin-top-small:0px;--awb-background-color:#ffffff;--awb-background-image:linear-gradient(90deg, #ffffff 60%,rgba(42,157,144,0.1) 0%);--awb-flex-wrap:wrap;\" ><div class=\"fusion-builder-row fusion-row fusion-flex-align-items-flex-start fusion-flex-content-wrap\" style=\"width:104% !important;max-width:104% !important;margin-left: calc(-4% \/ 2 );margin-right: calc(-4% \/ 2 );\"><div class=\"fusion-layout-column fusion_builder_column fusion-builder-column-2 fusion_builder_column_2_5 2_5 fusion-flex-column fusion-flex-align-self-center\" style=\"--awb-padding-top:60px;--awb-bg-size:cover;--awb-width-large:40%;--awb-margin-top-large:0px;--awb-spacing-right-large:0%;--awb-margin-bottom-large:0px;--awb-spacing-left-large:4.8%;--awb-width-medium:40%;--awb-order-medium:0;--awb-spacing-right-medium:0%;--awb-spacing-left-medium:4.8%;--awb-width-small:100%;--awb-order-small:0;--awb-spacing-right-small:1.92%;--awb-spacing-left-small:1.92%;\" data-scroll-devices=\"small-visibility,medium-visibility,large-visibility\"><div class=\"fusion-column-wrapper fusion-column-has-shadow fusion-flex-justify-content-center fusion-content-layout-column\"><div class=\"fusion-text fusion-text-2 fusion-animated fusion-text-no-margin\" style=\"--awb-content-alignment:left;--awb-font-size:18px;--awb-line-height:1.6;--awb-letter-spacing:0px;--awb-text-transform:var(--awb-typography4-text-transform);--awb-text-color:#3b6c80;--awb-margin-bottom:3%;--awb-text-font-family:&quot;Montserrat&quot;;--awb-text-font-style:normal;--awb-text-font-weight:400;\" data-animationType=\"fadeInLeft\" data-animationDuration=\"1.2\" data-animationOffset=\"top-into-view\"><p><strong>\u00bfQu<\/strong><strong>\u00e9 es l<\/strong><strong><strong>a EMDR?<\/strong><\/strong><\/p>\n<p>La terapia EMDR (<strong>Desensibilizaci\u00f3n y Reprocesamiento por Movimientos Oculares<\/strong>) es <strong>un enfoque<\/strong> <strong>terap\u00e9utico reconocido y eficaz<\/strong> para tratar los <strong>traumas psicol\u00f3gicos<\/strong>, los <strong>trastornos de estr\u00e9s postraum\u00e1tico<\/strong> (TEPT), as\u00ed como diversas <strong>dificultades emocionales<\/strong>.<\/p>\n<p>La terapia EMDR tiene como objetivo reprocesar experiencias pasadas no asimiladas por el cerebro, a menudo como resultado de traumas, para desensibilizar y reducir los s\u00edntomas que se derivan de ellas. Ya sea que el evento traum\u00e1tico sea antiguo o reciente, la terapia EMDR <strong>ayuda a asimilar y calmar los recuerdos dolorosos<\/strong>, ya est\u00e9n relacionados con <strong>abusos, violencia, accidentes, duelos, enfermedades u otras experiencias perturbadoras<\/strong>. Efectivamente, los recuerdos no procesados pueden permanecer \u201cbloqueados\u201d en el cerebro, creando s\u00edntomas como ansiedad, reacciones emocionales intensas, pesadillas o flashbacks. La terapia EMDR permite al cerebro <strong>reprocesar estos recuerdos activando su mecanismo natural de curaci\u00f3n.<\/strong><\/p>\n<p><strong>\u00bfPara qu\u00e9 tipos de trastornos s<\/strong><strong>e<\/strong><strong> recomienda l<\/strong><strong>a EMDR?<\/strong><\/p>\n<ul>\n<li><strong>Traumas y<\/strong> <strong>Trastornos de estr\u00e9s postraum\u00e1tico (T<\/strong><strong>EPT<\/strong><strong>) <\/strong>: la EMDR es particularmente eficaz para las personas que han vivido traumas, ya sean \u00fanicos (accidente, agresi\u00f3n, traici\u00f3n, separaci\u00f3n, enfermedad, etc.) o repetidos (violencia: f\u00edsica, psicol\u00f3gica, verbal, sexual\/abuso\/maltrato)<\/li>\n<li><strong>Ansiedad y fobias<\/strong>: esta terapia ayuda a reducir los miedos irracionales y a calmar las reacciones ansiosas descontroladas<\/li>\n<li><strong>Duelo y p\u00e9rdidas<\/strong>: la EMDR permite vivir mejor los procesos de duelo e integrar el dolor relacionado con la p\u00e9rdida<\/li>\n<li><strong>Depresi\u00f3n<\/strong>: al reprocesar experiencias dolorosas pasadas, la EMDR puede contribuir a aliviar los s\u00edntomas depresivos<\/li>\n<li><strong>Confianza en uno mismo<\/strong>: ciertas dificultades de la vida o experiencias negativas afectan la autoestima; la EMDR ayuda a liberarse de las creencias limitantes<\/li>\n<\/ul>\n<p><strong>\u00bfC\u00f3mo funciona l<\/strong><strong>a<\/strong><strong> EMDR?<\/strong><\/p>\n<p>La EMDR se basa en un <strong>mecanismo neuroemocional activado por movimientos oculares guiados<\/strong>. <strong>Al revisitar los recuerdos traum\u00e1ticos<\/strong> mientras se estimulan movimientos espec\u00edficos de los ojos, se hace posible \u201cdesensibilizar\u201d la carga emocional asociada y archivar estos eventos de manera tranquila. Esto permite <strong>liberar a la persona de los s\u00edntomas invalidantes, a menudo presentes durante muchos a\u00f1os<\/strong>.<\/p>\n<p><strong>La terapia EMDR: un m\u00e9todo cient\u00edficamente validado<\/strong><\/p>\n<p>La terapia EMDR cuenta con <strong>numerosas validaciones cient\u00edficas internacionales<\/strong>. Es recomendada para el tratamiento del trastorno de estr\u00e9s postraum\u00e1tico por organismos de referencia como l \u201c<strong>a Organizaci\u00f3n Mundial de la Salud <\/strong><strong>(OMS) <\/strong>en 2013, l\u201d<strong>a INSERM (Instituto Nacional de la Salud y de la Investigaci\u00f3n M\u00e9<\/strong><strong>dica)<\/strong> en 2004 y 2015, as\u00ed como por la <strong>Alta Autorid<\/strong><strong>a<\/strong><strong>d de Salu<\/strong><strong>d<\/strong> en 2007. Este reconocimiento testimonia su eficacia para ayudar a las personas a superar sus heridas psicol\u00f3gicas.<\/p>\n<p><strong>Los beneficios de la terapia EMDR<\/strong><\/p>\n<p>Los beneficios de este enfoque son duraderos, ofreciendo una mejora significativa de la calidad de vida de las personas que se benefician de \u00e9l. Ya sea que busque paz interior o desee pasar p\u00e1gina de una experiencia dolorosa, la EMDR puede ayudarle a recuperar el bienestar a trav\u00e9s de:<\/p>\n<ul>\n<li><strong>La disminuci\u00f3n de la carga emocional relacionada con el recuerdo traum\u00e1tico <\/strong><\/li>\n<li><strong>La liberaci\u00f3n del pensamiento intrusivo, recurrente e invasivo del evento perturbador en la vida cotidiana de la persona<\/strong><\/li>\n<li><strong>El aumento de la capacidad de resistencia<\/strong><\/li>\n<li><strong>El incremento de los recursos internos que favorecen la autoestima <\/strong><\/li>\n<\/ul>\n<\/div><\/div><\/div><div class=\"fusion-layout-column fusion_builder_column fusion-builder-column-3 fusion_builder_column_3_5 3_5 fusion-flex-column fusion-flex-align-self-center\" style=\"--awb-bg-size:cover;--awb-transform:translateY(0px);--awb-transform-hover:translateY(-10px);--awb-width-large:60%;--awb-margin-top-large:0px;--awb-spacing-right-large:3.2%;--awb-margin-bottom-large:0px;--awb-spacing-left-large:0%;--awb-width-medium:60%;--awb-order-medium:0;--awb-spacing-right-medium:3.2%;--awb-spacing-left-medium:0%;--awb-width-small:100%;--awb-order-small:0;--awb-spacing-right-small:1.92%;--awb-spacing-left-small:1.92%;\" data-scroll-devices=\"small-visibility,medium-visibility,large-visibility\"><div class=\"fusion-column-wrapper fusion-column-has-shadow fusion-flex-justify-content-center fusion-content-layout-column\"><div class=\"fusion-image-element \" style=\"text-align:center;--awb-aspect-ratio:1 \/ 1;--awb-margin-top:5%;--awb-margin-right:5%;--awb-margin-bottom:5%;--awb-margin-left:5%;--awb-max-width:500px;--awb-caption-title-font-family:var(--h2_typography-font-family);--awb-caption-title-font-weight:var(--h2_typography-font-weight);--awb-caption-title-font-style:var(--h2_typography-font-style);--awb-caption-title-size:var(--h2_typography-font-size);--awb-caption-title-transform:var(--h2_typography-text-transform);--awb-caption-title-line-height:var(--h2_typography-line-height);--awb-caption-title-letter-spacing:var(--h2_typography-letter-spacing);\"><div style=\"display:inline-block;width:500px;\"><span class=\" fusion-imageframe imageframe-none imageframe-2 hover-type-none has-aspect-ratio\"><img decoding=\"async\" width=\"1280\" height=\"916\" title=\"EMDR\" src=\"https:\/\/www.psychologue-fornillo.com\/wp-content\/uploads\/2024\/10\/EMDR-.png\" class=\"img-responsive wp-image-1565 img-with-aspect-ratio\" data-parent-fit=\"cover\" data-parent-container=\".fusion-image-element\" alt srcset=\"https:\/\/www.psychologue-fornillo.com\/wp-content\/uploads\/2024\/10\/EMDR--200x143.png 200w, https:\/\/www.psychologue-fornillo.com\/wp-content\/uploads\/2024\/10\/EMDR--400x286.png 400w, https:\/\/www.psychologue-fornillo.com\/wp-content\/uploads\/2024\/10\/EMDR--600x429.png 600w, https:\/\/www.psychologue-fornillo.com\/wp-content\/uploads\/2024\/10\/EMDR--800x573.png 800w, https:\/\/www.psychologue-fornillo.com\/wp-content\/uploads\/2024\/10\/EMDR--1200x859.png 1200w, https:\/\/www.psychologue-fornillo.com\/wp-content\/uploads\/2024\/10\/EMDR-.png 1280w\" sizes=\"(max-width: 640px) 100vw, 800px\" \/><\/span><\/div><\/div><\/div><\/div><\/div><\/div><div class=\"fusion-fullwidth fullwidth-box fusion-builder-row-3 fusion-flex-container has-pattern-background has-mask-background nonhundred-percent-fullwidth non-hundred-percent-height-scrolling\" style=\"--awb-border-radius-top-left:0px;--awb-border-radius-top-right:0px;--awb-border-radius-bottom-right:0px;--awb-border-radius-bottom-left:0px;--awb-flex-wrap:wrap;\" ><div class=\"fusion-builder-row fusion-row fusion-flex-align-items-flex-start fusion-flex-content-wrap\" style=\"max-width:1248px;margin-left: calc(-4% \/ 2 );margin-right: calc(-4% \/ 2 );\"><div class=\"fusion-layout-column fusion_builder_column fusion-builder-column-4 fusion_builder_column_1_1 1_1 fusion-flex-column\" style=\"--awb-bg-size:cover;--awb-width-large:100%;--awb-margin-top-large:0px;--awb-spacing-right-large:1.92%;--awb-margin-bottom-large:20px;--awb-spacing-left-large:1.92%;--awb-width-medium:100%;--awb-order-medium:0;--awb-spacing-right-medium:1.92%;--awb-spacing-left-medium:1.92%;--awb-width-small:100%;--awb-order-small:0;--awb-margin-top-small:-80px;--awb-spacing-right-small:1.92%;--awb-margin-bottom-small:-80px;--awb-spacing-left-small:1.92%;\"><div class=\"fusion-column-wrapper fusion-column-has-shadow fusion-flex-justify-content-flex-start fusion-content-layout-column\"><div class=\"fusion-text fusion-text-3\">\n<script>\n  if (typeof hasAmeliaEntitiesApiCall === 'undefined' && ('' === '' && '' !== '1')) {\n    var hasAmeliaEntitiesApiCall = true;\n  }\n  var ameliaShortcodeData = (typeof ameliaShortcodeData === 'undefined') ? [] : ameliaShortcodeData;\n  ameliaShortcodeData.push(\n    {\n      'hasApiCall': (typeof hasAmeliaEntitiesApiCall !== 'undefined') && hasAmeliaEntitiesApiCall,\n      'trigger': '',\n      'trigger_type': '',\n      'triggered_form': 'sbsNew',\n      'in_dialog': '',\n      'show': '',\n      'counter': '1000',\n      'category': '',\n      'service': '',\n      'employee': '',\n      'location': '',\n      'package': '',\n      'layout': '',\n    }\n  );\n\n  var ameliaShortcodeDataTriggered = (typeof ameliaShortcodeDataTriggered === 'undefined') ? [] : ameliaShortcodeDataTriggered;\n  if (ameliaShortcodeData[ameliaShortcodeData.length - 1].trigger !== '') {\n    if (ameliaShortcodeDataTriggered.filter(a => a.counter === ameliaShortcodeData[ameliaShortcodeData.length - 1].counter).length === 0) {\n      ameliaShortcodeDataTriggered.push(ameliaShortcodeData.pop());\n    } else {\n      ameliaShortcodeData.pop()\n    }\n  }\n  if (typeof hasAmeliaEntitiesApiCall !== 'undefined' && hasAmeliaEntitiesApiCall) {\n    hasAmeliaEntitiesApiCall = false;\n  }\n<\/script>\n\n<div\n  id=\"amelia-v2-booking-1000\"\n  class=\"amelia-v2-booking\"\n >\n    <step-form-wrapper><\/step-form-wrapper><\/div>\n\n<\/div><\/div><\/div><\/div><\/div><\/p>\n","protected":false},"excerpt":{"rendered":"","protected":false},"author":1,"featured_media":0,"parent":0,"menu_order":0,"comment_status":"closed","ping_status":"closed","template":"100-width.php","meta":{"footnotes":""},"class_list":["post-1647","page","type-page","status-publish","hentry"],"_links":{"self":[{"href":"https:\/\/www.psychologue-fornillo.com\/es\/wp-json\/wp\/v2\/pages\/1647","targetHints":{"allow":["GET"]}}],"collection":[{"href":"https:\/\/www.psychologue-fornillo.com\/es\/wp-json\/wp\/v2\/pages"}],"about":[{"href":"https:\/\/www.psychologue-fornillo.com\/es\/wp-json\/wp\/v2\/types\/page"}],"author":[{"embeddable":true,"href":"https:\/\/www.psychologue-fornillo.com\/es\/wp-json\/wp\/v2\/users\/1"}],"replies":[{"embeddable":true,"href":"https:\/\/www.psychologue-fornillo.com\/es\/wp-json\/wp\/v2\/comments?post=1647"}],"version-history":[{"count":3,"href":"https:\/\/www.psychologue-fornillo.com\/es\/wp-json\/wp\/v2\/pages\/1647\/revisions"}],"predecessor-version":[{"id":2190,"href":"https:\/\/www.psychologue-fornillo.com\/es\/wp-json\/wp\/v2\/pages\/1647\/revisions\/2190"}],"wp:attachment":[{"href":"https:\/\/www.psychologue-fornillo.com\/es\/wp-json\/wp\/v2\/media?parent=1647"}],"curies":[{"name":"wp","href":"https:\/\/api.w.org\/{rel}","templated":true}]}}